{"id":17686,"date":"2023-08-01T09:37:38","date_gmt":"2023-08-01T07:37:38","guid":{"rendered":"https:\/\/ultrakotlina.pl\/?page_id=17686"},"modified":"2025-09-06T10:38:29","modified_gmt":"2025-09-06T08:38:29","slug":"mala-ultrakotlina","status":"publish","type":"page","link":"https:\/\/ultrakotlina.pl\/en\/mala-ultrakotlina\/","title":{"rendered":"Ma\u0142a UltraKotlina"},"content":{"rendered":"<div class=\"wp-block-image\">\n<figure class=\"aligncenter size-large is-resized\"><img loading=\"lazy\" decoding=\"async\" width=\"1024\" height=\"1024\" src=\"https:\/\/ultrakotlina.pl\/wp-content\/uploads\/2023\/08\/mala-UK-1024x1024.png\" alt=\"\" class=\"wp-image-17689\" style=\"width:594px;height:594px\" srcset=\"https:\/\/ultrakotlina.pl\/wp-content\/uploads\/2023\/08\/mala-UK-1024x1024.png 1024w, https:\/\/ultrakotlina.pl\/wp-content\/uploads\/2023\/08\/mala-UK-300x300.png 300w, https:\/\/ultrakotlina.pl\/wp-content\/uploads\/2023\/08\/mala-UK-150x150.png 150w, https:\/\/ultrakotlina.pl\/wp-content\/uploads\/2023\/08\/mala-UK-768x768.png 768w, https:\/\/ultrakotlina.pl\/wp-content\/uploads\/2023\/08\/mala-UK-12x12.png 12w, https:\/\/ultrakotlina.pl\/wp-content\/uploads\/2023\/08\/mala-UK.png 1080w\" sizes=\"auto, (max-width: 1024px) 100vw, 1024px\" \/><\/figure>\n<\/div>\n\n\n<p>Mamy wielk\u0105 przyjemno\u015b\u0107 zaprosi\u0107 najm\u0142odszych adept\u00f3w i adeptki biegania do udzia\u0142u w Ma\u0142ej UltraKotlinie, kt\u00f3ra odb\u0119dzie si\u0119 <strong>w niedziel\u0119 12.10.2025 o 9.00 w Parku Esplanada w Szklarskiej Por\u0119bie<\/strong>. Starty odb\u0119d\u0105 si\u0119 w czterech kategoriach biegowych z podzia\u0142em na ch\u0142opc\u00f3w i dziewczynki:<\/p>\n\n\n\n<ul class=\"wp-block-list\">\n<li>250 m (do 6 lat, 2019 i m\u0142odsi)\u00a0<\/li>\n\n\n\n<li>500 m (7 &#8211; 9 lat, 2018 &#8211; 2016)<\/li>\n\n\n\n<li>1000 m (10 &#8211; 12 lat, 2015 &#8211; 2013)<\/li>\n\n\n\n<li>1500 m (13 &#8211; 14 lat, 2012 &#8211; 2011)<\/li>\n<\/ul>\n\n\n\n<p>W pakiecie na ka\u017cdego czeka UltraKotlinowy upominek, a po starcie medal i pyszny pocz\u0119stunek. Wpisowe wynosi 25 PLN.<\/p>\n\n\n\n<p><strong>Schedule<\/strong><\/p>\n\n\n\n<p>9:00 \u2013 9:45 \u2013 rejestracja w biurze zawod\u00f3w<br>10:00 \u2013 start biegu na 250 m<br>10:20 \u2013 start biegu na 500 m<br>10:40 \u2013 start biegu na 1 km<br>11:00 \u2013 start biegu na 1,5 km<br>11:30 \u2013 ceremonia dekoracji<br>10:00 &#8211; 12:00 \u2013 pocz\u0119stunek dla wszystkich<\/p>\n\n\n\n<p><strong>Rules<\/strong><\/p>\n\n\n\n<p><a href=\"https:\/\/ultrakotlina.pl\/wp-content\/uploads\/2025\/09\/REGULAMIN-Mala-UK-3.pdf\">Regulamin-Mala-UK-2025.pdf<\/a><\/p>\n\n\n<style>#sp-ea-17687 .spcollapsing { height: 0; overflow: hidden; transition-property: height;transition-duration: 300ms;}#sp-ea-17687.sp-easy-accordion>.sp-ea-single {margin-bottom: 10px; border: 1px solid #e2e2e2; }#sp-ea-17687.sp-easy-accordion>.sp-ea-single>.ea-header a {color: #444;}#sp-ea-17687.sp-easy-accordion>.sp-ea-single>.sp-collapse>.ea-body {background: #fff; color: #444;}#sp-ea-17687.sp-easy-accordion>.sp-ea-single {background: #eee;}#sp-ea-17687.sp-easy-accordion>.sp-ea-single>.ea-header a .ea-expand-icon { float: left; color: #444;font-size: 16px;}<\/style><div id=\"sp_easy_accordion-1690873830\"><div id=\"sp-ea-17687\" class=\"sp-ea-one sp-easy-accordion\" data-ea-active=\"ea-click\" data-ea-mode=\"vertical\" data-preloader=\"\" data-scroll-active-item=\"\" data-offset-to-scroll=\"0\"><div class=\"ea-card ea-expand sp-ea-single\"><h3 class=\"ea-header\"><a class=\"collapsed\" id=\"ea-header-176870\" role=\"button\" data-sptoggle=\"spcollapse\" data-sptarget=\"#collapse176870\" aria-controls=\"collapse176870\" href=\"#\" aria-expanded=\"true\" tabindex=\"0\"><i aria-hidden=\"true\" role=\"presentation\" class=\"ea-expand-icon eap-icon-ea-expand-minus\"><\/i> Organizator<\/a><\/h3><div class=\"sp-collapse spcollapse collapsed show\" id=\"collapse176870\" data-parent=\"#sp-ea-17687\" role=\"region\" aria-labelledby=\"ea-header-176870\"> <div class=\"ea-body\"><p><span>Przej\u015bcie Kotliny Foundation<\/span><span><br \/><\/span><span>S\u0142oneczna 2<\/span><span><br \/><\/span><span>58-573 Piechowice<\/span><span><\/span><\/p><div id=\"simple-translate\" class=\"simple-translate-dark-theme\"><div><div style=\"height: 22px;width: 22px;top: 145px;left: 257px\" class=\"simple-translate-button isShow\"><\/div><div class=\"simple-translate-panel\" style=\"width: 300px;height: 200px;top: 0px;left: 0px;font-size: 13px\"><div class=\"simple-translate-result-wrapper\" style=\"overflow: hidden\"><div class=\"simple-translate-move\"><\/div><div class=\"simple-translate-result-contents\"><p class=\"simple-translate-candidate\" dir=\"auto\"><\/div><\/div><\/div><\/div><\/div><\/div><\/div><\/div><div class=\"ea-card sp-ea-single\"><h3 class=\"ea-header\"><a class=\"collapsed\" id=\"ea-header-176871\" role=\"button\" data-sptoggle=\"spcollapse\" data-sptarget=\"#collapse176871\" aria-controls=\"collapse176871\" href=\"#\" aria-expanded=\"false\" tabindex=\"0\"><i aria-hidden=\"true\" role=\"presentation\" class=\"ea-expand-icon eap-icon-ea-expand-plus\"><\/i> Cel zawod\u00f3w<\/a><\/h3><div class=\"sp-collapse spcollapse\" id=\"collapse176871\" data-parent=\"#sp-ea-17687\" role=\"region\" aria-labelledby=\"ea-header-176871\"> <div class=\"ea-body\"><ul><li><span>Popularyzacja biegania w\u015br\u00f3d dzieci i m\u0142odzie\u017cy jako najprostszej formy ruchu oraz rekreacji ruchowej jako jednego z element\u00f3w zdrowego trybu \u017cycia.<\/span><\/li><li><span>Promowanie aktywno\u015bci fizycznej w okoliczno\u015bciach przyrody dla ca\u0142ych rodzin.<\/span><\/li><li><span>Umo\u017cliwienie sprawdzenia swoich si\u0142 i mo\u017cliwo\u015bci w rywalizacji sportowej z r\u00f3wie\u015bnikami.<\/span><\/li><li><span>Integracja mi\u0119dzypokoleniowa.<\/span><\/li><li><span>Promocja lokalnych walor\u00f3w przyrodniczych i historycznych.<\/span><\/li><\/ul><\/div><\/div><\/div><div class=\"ea-card sp-ea-single\"><h3 class=\"ea-header\"><a class=\"collapsed\" id=\"ea-header-176872\" role=\"button\" data-sptoggle=\"spcollapse\" data-sptarget=\"#collapse176872\" aria-controls=\"collapse176872\" href=\"#\" aria-expanded=\"false\" tabindex=\"0\"><i aria-hidden=\"true\" role=\"presentation\" class=\"ea-expand-icon eap-icon-ea-expand-plus\"><\/i> Termin i miejsce<\/a><\/h3><div class=\"sp-collapse spcollapse\" id=\"collapse176872\" data-parent=\"#sp-ea-17687\" role=\"region\" aria-labelledby=\"ea-header-176872\"> <div class=\"ea-body\"><p><span>Ma\u0142a UltraKotlina \u2013 12.10.2024, niedziela, Szklarska Por\u0119ba, park Esplanada.<\/span><\/p><\/div><\/div><\/div><div class=\"ea-card sp-ea-single\"><h3 class=\"ea-header\"><a class=\"collapsed\" id=\"ea-header-176873\" role=\"button\" data-sptoggle=\"spcollapse\" data-sptarget=\"#collapse176873\" aria-controls=\"collapse176873\" href=\"#\" aria-expanded=\"false\" tabindex=\"0\"><i aria-hidden=\"true\" role=\"presentation\" class=\"ea-expand-icon eap-icon-ea-expand-plus\"><\/i> Trasa i dystans<\/a><\/h3><div class=\"sp-collapse spcollapse\" id=\"collapse176873\" data-parent=\"#sp-ea-17687\" role=\"region\" aria-labelledby=\"ea-header-176873\"> <div class=\"ea-body\"><ul><li><span>250 m (do 6 lat, 2019 i m\u0142odsi)\u00a0<\/span><\/li><li><span>500 m (7 - 9 lat, 2018 - 2016)<\/span><\/li><li><span>1000 m (10 - 12 lat, 2015 - 2013)<\/span><\/li><li><span>1500 m (13 - 14 lat, 2012 - 2011)<\/span><\/li><\/ul><\/div><\/div><\/div><div class=\"ea-card sp-ea-single\"><h3 class=\"ea-header\"><a class=\"collapsed\" id=\"ea-header-176874\" role=\"button\" data-sptoggle=\"spcollapse\" data-sptarget=\"#collapse176874\" aria-controls=\"collapse176874\" href=\"#\" aria-expanded=\"false\" tabindex=\"0\"><i aria-hidden=\"true\" role=\"presentation\" class=\"ea-expand-icon eap-icon-ea-expand-plus\"><\/i> Uczestnictwo<\/a><\/h3><div class=\"sp-collapse spcollapse\" id=\"collapse176874\" data-parent=\"#sp-ea-17687\" role=\"region\" aria-labelledby=\"ea-header-176874\"> <div class=\"ea-body\"><ul><li><span>Dzieci poni\u017cej 6-go roku \u017cycia mog\u0105 bra\u0107 udzia\u0142 w wydarzeniu tylko i wy\u0142\u0105cznie w\u00a0towarzystwie pe\u0142noletniego opiekuna (weryfikacja w biurze zawod\u00f3w).<\/span><\/li><li><span>Dzieci startuj\u0105ce na wszystkich dystansach musz\u0105 posiada\u0107 dokument potwierdzaj\u0105cy wiek (weryfikacja w biurze zawod\u00f3w).<\/span><\/li><li><span>Wszyscy Uczestnicy musz\u0105 przestrzega\u0107 zasad ustalonych przez Organizatora.<\/span><\/li><\/ul><\/div><\/div><\/div><div class=\"ea-card sp-ea-single\"><h3 class=\"ea-header\"><a class=\"collapsed\" id=\"ea-header-176875\" role=\"button\" data-sptoggle=\"spcollapse\" data-sptarget=\"#collapse176875\" aria-controls=\"collapse176875\" href=\"#\" aria-expanded=\"false\" tabindex=\"0\"><i aria-hidden=\"true\" role=\"presentation\" class=\"ea-expand-icon eap-icon-ea-expand-plus\"><\/i> Zg\u0142oszenia<\/a><\/h3><div class=\"sp-collapse spcollapse\" id=\"collapse176875\" data-parent=\"#sp-ea-17687\" role=\"region\" aria-labelledby=\"ea-header-176875\"> <div class=\"ea-body\"><ul><li><span>Zg\u0142oszenia odbywaj\u0105 si\u0119 na podstawie dokonania rejestracji przy pomocy formularza zg\u0142oszeniowego na stronie internetowej -\u00a0 <\/span><a href=\"https:\/\/ultrakotlina.pl\/en\/\"><span>www.ultrakotlina.pl<\/span><\/a><span> \/ <strong>zapisy od 08<\/strong><\/span><strong>.09.2025<\/strong><span>\u00a0\u2013 limit os\u00f3b <\/span><b>120<\/b><span>.<\/span><\/li><li><span>Zg\u0142oszenia dokonuje rodzic lub opiekun.<\/span><\/li><li><span>W trakcie odbioru pakietu startowego w biurze zawod\u00f3w obowi\u0105zkowa jest obecno\u015b\u0107 rodzica, opiekuna.\u00a0<\/span><\/li><li><span>Zg\u0142oszenia mo\u017cna dokona\u0107 r\u00f3wnie\u017c w biurze zawod\u00f3w w dniu zawod\u00f3w, w godzinach jego otwarcia. Organizator nie gwarantuje, \u017ce w tym dniu b\u0119d\u0105 jeszcze wolne miejsca. <\/span><\/li><li><strong>Op\u0142ata startowa 25 z\u0142<\/strong>, p\u0142atna podczas zapis\u00f3w na platformie b4sportonline, lub przelewem na konto Fundacji :<br \/>Przej\u015bcie Kotliny Foundation<br \/>Address: S\u0142oneczna 2 58-573 Piechowice, dolno\u015bl\u0105skie state, Poland<br \/>numer konta: Santander 59 1090 1984 00000001 3222 2481<\/li><\/ul><\/div><\/div><\/div><div class=\"ea-card sp-ea-single\"><h3 class=\"ea-header\"><a class=\"collapsed\" id=\"ea-header-176876\" role=\"button\" data-sptoggle=\"spcollapse\" data-sptarget=\"#collapse176876\" aria-controls=\"collapse176876\" href=\"#\" aria-expanded=\"false\" tabindex=\"0\"><i aria-hidden=\"true\" role=\"presentation\" class=\"ea-expand-icon eap-icon-ea-expand-plus\"><\/i> Zasady obowi\u0105zuj\u0105ce na trasie<\/a><\/h3><div class=\"sp-collapse spcollapse\" id=\"collapse176876\" data-parent=\"#sp-ea-17687\" role=\"region\" aria-labelledby=\"ea-header-176876\"> <div class=\"ea-body\"><ul><li><span>trasa jest oznakowana, na starcie i mecie znajduj\u0105 si\u0119 s\u0119dziowie<\/span><\/li><li><span>nale\u017cy stosowa\u0107 si\u0119 do polece\u0144 s\u0119dzi\u00f3w oraz organizatora<\/span><\/li><\/ul><\/div><\/div><\/div><div class=\"ea-card sp-ea-single\"><h3 class=\"ea-header\"><a class=\"collapsed\" id=\"ea-header-176877\" role=\"button\" data-sptoggle=\"spcollapse\" data-sptarget=\"#collapse176877\" aria-controls=\"collapse176877\" href=\"#\" aria-expanded=\"false\" tabindex=\"0\"><i aria-hidden=\"true\" role=\"presentation\" class=\"ea-expand-icon eap-icon-ea-expand-plus\"><\/i> \u015awiadczenia<\/a><\/h3><div class=\"sp-collapse spcollapse\" id=\"collapse176877\" data-parent=\"#sp-ea-17687\" role=\"region\" aria-labelledby=\"ea-header-176877\"> <div class=\"ea-body\"><ul><li><span>numer startowy<\/span><\/li><li><span>medal<\/span><\/li><li><span>gad\u017cet w pakiecie startowym<\/span><\/li><li><span>przek\u0105ska przed startem oraz pocz\u0119stunek na zako\u0144czenie<\/span><\/li><li><span>medical cover,<\/span><\/li><li><span>obs\u0142uga s\u0119dzi\u00f3w<\/span><\/li><\/ul><div id=\"simple-translate\" class=\"simple-translate-dark-theme\"><div><div style=\"height: 22px;width: 22px;top: 56px;left: 173px\" class=\"simple-translate-button isShow\"><\/div><div class=\"simple-translate-panel\" style=\"width: 300px;height: 200px;top: 0px;left: 0px;font-size: 13px\"><div class=\"simple-translate-result-wrapper\" style=\"overflow: hidden\"><div class=\"simple-translate-move\"><\/div><div class=\"simple-translate-result-contents\"><p class=\"simple-translate-result\" dir=\"auto\"><p class=\"simple-translate-candidate\" dir=\"auto\"><\/div><\/div><\/div><\/div><\/div><\/div><\/div><\/div><div class=\"ea-card sp-ea-single\"><h3 class=\"ea-header\"><a class=\"collapsed\" id=\"ea-header-176878\" role=\"button\" data-sptoggle=\"spcollapse\" data-sptarget=\"#collapse176878\" aria-controls=\"collapse176878\" href=\"#\" aria-expanded=\"false\" tabindex=\"0\"><i aria-hidden=\"true\" role=\"presentation\" class=\"ea-expand-icon eap-icon-ea-expand-plus\"><\/i> Biuro zawod\u00f3w<\/a><\/h3><div class=\"sp-collapse spcollapse\" id=\"collapse176878\" data-parent=\"#sp-ea-17687\" role=\"region\" aria-labelledby=\"ea-header-176878\"> <div class=\"ea-body\"><p><span>Ma\u0142a UltraKotlina \u2013 12.10.2024 \u2013 niedziela<\/span><span><br \/><\/span><span>9:00 \u2013 10:45 \u2013 rejestracja \/ dolna stacja wyci\u0105gu na Szrenic\u0119, Szklarska Por\u0119ba<\/span><\/p><\/div><\/div><\/div><div class=\"ea-card sp-ea-single\"><h3 class=\"ea-header\"><a class=\"collapsed\" id=\"ea-header-176879\" role=\"button\" data-sptoggle=\"spcollapse\" data-sptarget=\"#collapse176879\" aria-controls=\"collapse176879\" href=\"#\" aria-expanded=\"false\" tabindex=\"0\"><i aria-hidden=\"true\" role=\"presentation\" class=\"ea-expand-icon eap-icon-ea-expand-plus\"><\/i> Klasyfikacja oraz nagrody<\/a><\/h3><div class=\"sp-collapse spcollapse\" id=\"collapse176879\" data-parent=\"#sp-ea-17687\" role=\"region\" aria-labelledby=\"ea-header-176879\"> <div class=\"ea-body\"><p><b>W kategoriach wiekowych:<\/b><\/p><ul><li><span>250 m (do 6 lat, 2019 i m\u0142odsi)\u00a0<\/span><\/li><li><span>500 m (7 - 9 lat, 2018 - 2016)<\/span><\/li><li><span>1000 m (10 - 12 lat, 2015 - 2013)<\/span><\/li><li><span>1500 m (13 - 14 lat, 2012 - 2011)<\/span><\/li><\/ul><p><span>Nagrody: <\/span><b>dziewczynki i ch\u0142opcy, 1-3 <\/b><span>statuetki, <\/span><b>1-6<\/b><span> nagrody rzeczowe.<\/span><\/p><\/div><\/div><\/div><div class=\"ea-card sp-ea-single\"><h3 class=\"ea-header\"><a class=\"collapsed\" id=\"ea-header-1768710\" role=\"button\" data-sptoggle=\"spcollapse\" data-sptarget=\"#collapse1768710\" aria-controls=\"collapse1768710\" href=\"#\" aria-expanded=\"false\" tabindex=\"0\"><i aria-hidden=\"true\" role=\"presentation\" class=\"ea-expand-icon eap-icon-ea-expand-plus\"><\/i> Ochrona wizerunku<\/a><\/h3><div class=\"sp-collapse spcollapse\" id=\"collapse1768710\" data-parent=\"#sp-ea-17687\" role=\"region\" aria-labelledby=\"ea-header-1768710\"> <div class=\"ea-body\"><p><span>Wszyscy uczestnicy wyra\u017caj\u0105 zgod\u0119 na przetwarzanie danych osobowych do cel\u00f3w zwi\u0105zanych z realizacj\u0105 i promocj\u0105 zawod\u00f3w. Uczestnicy wyra\u017caj\u0105 zgod\u0119 na publikacj\u0119 ich wizerunku w relacjach z zawod\u00f3w zamieszczonych na oficjalnej stronie zawod\u00f3w, w mediach oraz materia\u0142ach promocyjnych.<\/span><\/p><\/div><\/div><\/div><div class=\"ea-card sp-ea-single\"><h3 class=\"ea-header\"><a class=\"collapsed\" id=\"ea-header-1768711\" role=\"button\" data-sptoggle=\"spcollapse\" data-sptarget=\"#collapse1768711\" aria-controls=\"collapse1768711\" href=\"#\" aria-expanded=\"false\" tabindex=\"0\"><i aria-hidden=\"true\" role=\"presentation\" class=\"ea-expand-icon eap-icon-ea-expand-plus\"><\/i> Postanowienia ko\u0144cowe<\/a><\/h3><div class=\"sp-collapse spcollapse\" id=\"collapse1768711\" data-parent=\"#sp-ea-17687\" role=\"region\" aria-labelledby=\"ea-header-1768711\"> <div class=\"ea-body\"><ul><li><span>Przepisy Regulaminu mog\u0105 ulec zmianie, a zmiany zostan\u0105 opublikowane na oficjalnej stronie organizatora: <\/span><a href=\"https:\/\/ultrakotlina.pl\/en\/\"><span>www.ultrakotlina.pl<\/span><\/a><span>\u00a0<\/span><\/li><li><span>Przypadki nieuwzgl\u0119dnione w niniejszym Regulaminie b\u0119dzie rozstrzyga\u0142 Organizator.<\/span><\/li><li><span>Ostateczna interpretacja niniejszych przepis\u00f3w nale\u017cy do Organizatora.<\/span><\/li><li><span>Na trasie zabrania si\u0119 <\/span><span><\/span><span>za\u015bmiecania terenu.<\/span><\/li><li><span>Uczestnik startuje wy\u0142\u0105cznie na odpowiedzialno\u015b\u0107 rodzica \/ opiekuna i wy\u0142\u0105cznie rodzic \/ opiekun ponosi zwi\u0105zane z tym ryzyko. Wszyscy rodzice \/ opiekunowie przyjmuj\u0105 do wiadomo\u015bci, \u017ce udzia\u0142 w wydarzeniu wi\u0105\u017ce si\u0119 z wysi\u0142kiem fizycznym i poci\u0105ga za sob\u0105 naturalne ryzyko i zagro\u017cenie wypadkami, mo\u017cliwo\u015b\u0107 odniesienia obra\u017ce\u0144 cia\u0142a i uraz\u00f3w fizycznych (w tym \u015bmierci).<\/span><\/li><li><span>Each participant is obliged to follow the regulations and rules of the event. A participant who does not follow the organizer's recommendations and requests may be disqualified and asked to leave the venues of the event.\u00a0<\/span><\/li><li><span>The organizer, in consultation with the medics, has the right to prevent or remove participants, who show symptoms of disease or are in poor physical condition.\u00a0<\/span><\/li><li><span>The organizer reserves the right to make changes to the regulations during the event, if it is required by the situation and the safety of participants and organizers.<\/span><\/li><\/ul><div id=\"simple-translate\" class=\"simple-translate-dark-theme\"><div><div style=\"height: 22px;width: 22px;top: 121px;left: 1141px\" class=\"simple-translate-button isShow\"><\/div><div class=\"simple-translate-panel\" style=\"width: 300px;height: 200px;top: 0px;left: 0px;font-size: 13px\"><div class=\"simple-translate-result-wrapper\" style=\"overflow: hidden\"><div class=\"simple-translate-move\"><\/div><div class=\"simple-translate-result-contents\"><p class=\"simple-translate-result\" dir=\"auto\"><p class=\"simple-translate-candidate\" dir=\"auto\"><\/div><\/div><\/div><\/div><\/div><\/div><\/div><\/div><\/div><\/div>","protected":false},"excerpt":{"rendered":"<p>Mamy wielk\u0105 przyjemno\u015b\u0107 zaprosi\u0107 najm\u0142odszych adept\u00f3w i adeptki biegania do udzia\u0142u w Ma\u0142ej UltraKotlinie, kt\u00f3ra odb\u0119dzie si\u0119 w niedziel\u0119 12.10.2025 o 9.00 w Parku Esplanada w Szklarskiej Por\u0119bie. Starty odb\u0119d\u0105 si\u0119 w czterech kategoriach biegowych z podzia\u0142em na ch\u0142opc\u00f3w i dziewczynki: W pakiecie na ka\u017cdego czeka UltraKotlinowy upominek, a po [&hellip;]<\/p>\n","protected":false},"author":2,"featured_media":0,"parent":0,"menu_order":0,"comment_status":"closed","ping_status":"closed","template":"","meta":{"_themeisle_gutenberg_block_has_review":false,"footnotes":""},"class_list":["post-17686","page","type-page","status-publish","hentry"],"_links":{"self":[{"href":"https:\/\/ultrakotlina.pl\/en\/wp-json\/wp\/v2\/pages\/17686","targetHints":{"allow":["GET"]}}],"collection":[{"href":"https:\/\/ultrakotlina.pl\/en\/wp-json\/wp\/v2\/pages"}],"about":[{"href":"https:\/\/ultrakotlina.pl\/en\/wp-json\/wp\/v2\/types\/page"}],"author":[{"embeddable":true,"href":"https:\/\/ultrakotlina.pl\/en\/wp-json\/wp\/v2\/users\/2"}],"replies":[{"embeddable":true,"href":"https:\/\/ultrakotlina.pl\/en\/wp-json\/wp\/v2\/comments?post=17686"}],"version-history":[{"count":21,"href":"https:\/\/ultrakotlina.pl\/en\/wp-json\/wp\/v2\/pages\/17686\/revisions"}],"predecessor-version":[{"id":28275,"href":"https:\/\/ultrakotlina.pl\/en\/wp-json\/wp\/v2\/pages\/17686\/revisions\/28275"}],"wp:attachment":[{"href":"https:\/\/ultrakotlina.pl\/en\/wp-json\/wp\/v2\/media?parent=17686"}],"curies":[{"name":"wp","href":"https:\/\/api.w.org\/{rel}","templated":true}]}}