{"id":2,"date":"2017-07-04T09:21:27","date_gmt":"2017-07-04T09:21:27","guid":{"rendered":"http:\/\/ultrakotlina.pl\/?page_id=2"},"modified":"2023-01-12T21:36:21","modified_gmt":"2023-01-12T20:36:21","slug":"about","status":"publish","type":"page","link":"https:\/\/ultrakotlina.pl\/en\/about\/","title":{"rendered":"About us"},"content":{"rendered":"<p class=\"translation-block\">On February 11, 2016 Przej\u015bcie Kotliny Foundation was entered into the National Court Register.<\/p>\n<p>Foundation contact details:<\/p>\n<p>Address: S\u0142oneczna 2 58-573 Piechowice, dolno\u015bl\u0105skie state, Poland<\/p>\n<p>KRS Number: 0000601663<\/p>\n<p>NIP:\u00a06112764674<\/p>\n<p>REGON:\u00a0363717320<\/p>\n<p>Account number: <strong>59 1090 1984 0000 0001 3222 2481<\/strong><\/p>\n<p class=\"translation-block\">Foundation Board:<\/p>\n<ul>\n<li>Maciej Kozi\u0144ski \u2013 President<\/li>\n<li>Marta Lipnicka &#8211; Wiceprezes zarz\u0105du<\/li>\n<li>Pawe\u0142 Wi\u015bniewski &#8211; \u00a0Sekretarz zarz\u0105du<\/li>\n<\/ul>\n<p class=\"translation-block\">Foundation Council:<\/p>\n<ul>\n<li>Justyna Pacu\u0142a  \u2013 Chairwoman<\/li>\n<li>Bartosz Podka\u0144ski\u00a0&#8211; Cz\u0142onek Rady<\/li>\n<li>S\u0142awomir Krawczyk-Demczuk &#8211; Cz\u0142onek Rady<\/li>\n<\/ul>\n<p><a href=\"https:\/\/www.przejsciekotliny.org\/wp-content\/uploads\/regulaminy\/statut_fundacja_Przejscie_Kotliny.pdf\">The Statut of Fundacja Przej\u015bcie Kotliny (only PL)<\/a><\/p>","protected":false},"excerpt":{"rendered":"<p>Dnia 11 lutego 2016\u00a0Fundacja Przej\u015bcie Kotliny\u00a0zosta\u0142a wpisana do Krajowego Rejestru S\u0105dowego Dane kontaktowe Fundacji: Adres: ul. S\u0142oneczna 2 58-573 Piechowice, woj. dolno\u015bl\u0105skie, Polska Numer KRS:\u00a00000601663 NIP:\u00a06112764674 REGON:\u00a0363717320 numer konta: Santander 59 1090 1984 0000 0001 3222 2481 Zarz\u0105d\u00a0Fundacji: Maciej Kozi\u0144ski &#8211; Prezes zarz\u0105du Marta Lipnicka &#8211; Wiceprezes zarz\u0105du Pawe\u0142 Wi\u015bniewski [&hellip;]<\/p>\n","protected":false},"author":1,"featured_media":0,"parent":0,"menu_order":0,"comment_status":"closed","ping_status":"closed","template":"","meta":{"_themeisle_gutenberg_block_has_review":false,"footnotes":""},"class_list":["post-2","page","type-page","status-publish","hentry"],"_links":{"self":[{"href":"https:\/\/ultrakotlina.pl\/en\/wp-json\/wp\/v2\/pages\/2","targetHints":{"allow":["GET"]}}],"collection":[{"href":"https:\/\/ultrakotlina.pl\/en\/wp-json\/wp\/v2\/pages"}],"about":[{"href":"https:\/\/ultrakotlina.pl\/en\/wp-json\/wp\/v2\/types\/page"}],"author":[{"embeddable":true,"href":"https:\/\/ultrakotlina.pl\/en\/wp-json\/wp\/v2\/users\/1"}],"replies":[{"embeddable":true,"href":"https:\/\/ultrakotlina.pl\/en\/wp-json\/wp\/v2\/comments?post=2"}],"version-history":[{"count":7,"href":"https:\/\/ultrakotlina.pl\/en\/wp-json\/wp\/v2\/pages\/2\/revisions"}],"predecessor-version":[{"id":17632,"href":"https:\/\/ultrakotlina.pl\/en\/wp-json\/wp\/v2\/pages\/2\/revisions\/17632"}],"wp:attachment":[{"href":"https:\/\/ultrakotlina.pl\/en\/wp-json\/wp\/v2\/media?parent=2"}],"curies":[{"name":"wp","href":"https:\/\/api.w.org\/{rel}","templated":true}]}}