{"id":21926,"date":"2024-08-16T20:21:22","date_gmt":"2024-08-16T18:21:22","guid":{"rendered":"https:\/\/ultrakotlina.pl\/?page_id=21926"},"modified":"2024-08-19T10:28:17","modified_gmt":"2024-08-19T08:28:17","slug":"wspolpraca","status":"publish","type":"page","link":"https:\/\/ultrakotlina.pl\/en\/wspolpraca\/","title":{"rendered":"Cooperation"},"content":{"rendered":"<p><strong>UltraKotlina to marka.<\/strong><\/p>\n\n\n\n<p>Marka z zasi\u0119gami i dotarciem do kilkudziesi\u0119ciu tysi\u0119cy odbiorc\u00f3w miesi\u0119cznie, przez ca\u0142y rok.<\/p>\n\n\n\n<p>Tworzymy wyj\u0105tkowe wydarzenie sportowe na Dolnym \u015al\u0105sku w zachodniej cz\u0119\u015bci Sudet\u00f3w. Aren\u0105 naszych zmaga\u0144 s\u0105 cztery pasma g\u00f3rskie okalaj\u0105ce pi\u0119kn\u0105 Kotlin\u0119 Jeleniog\u00f3rsk\u0105. Naszymi uczestnikami s\u0105 biegacze, biegacze g\u00f3rscy, mi\u0142o\u015bnicy bieg\u00f3w ultra i ka\u017cdej aktywno\u015bci outdoorowej. Startuj\u0105 u nas zar\u00f3wno amatorzy jak i czo\u0142\u00f3wka zawodnik\u00f3w z Polski i Europy.<\/p>\n\n\n\n<p>Je\u017celi chcesz zosta\u0107 Partnerem naszej imprezy, zyska\u0107 rozg\u0142os i dotrze\u0107 do naszej spo\u0142eczno\u015bci wype\u0142nij poni\u017cszy formularz lub napisz na biuro@ultrakotlina.pl.<\/p>\n\n\n\n<div id=\"wp-block-themeisle-blocks-form-44cc6087\" class=\"wp-block-themeisle-blocks-form\" data-option-name=\"bf9b28ff82ce323187abc5d0feb0d8f07ecd8436_44cc6087\"><form class=\"otter-form__container\" action=\"\">\n<div id=\"wp-block-themeisle-blocks-form-input-fd1575b8\" class=\"wp-block-themeisle-blocks-form-input\"><label for=\"wp-block-themeisle-blocks-form-input-fd1575b8-input\" class=\"otter-form-input-label\"><span class=\"otter-form-input-label__label\">Nazwa instytucji\/firmy<\/span><span class=\"required\">*<\/span><\/label><input type=\"text\" id=\"wp-block-themeisle-blocks-form-input-fd1575b8-input\" required class=\"otter-form-input\"\/><\/div>\n\n\n\n<div id=\"wp-block-themeisle-blocks-form-input-a748838c\" class=\"wp-block-themeisle-blocks-form-input\"><label for=\"wp-block-themeisle-blocks-form-input-a748838c-input\" class=\"otter-form-input-label\"><span class=\"otter-form-input-label__label\">Adres email<\/span><span class=\"required\">*<\/span><\/label><input type=\"email\" id=\"wp-block-themeisle-blocks-form-input-a748838c-input\" required class=\"otter-form-input\"\/><\/div>\n\n\n<div class=\"protection\" aria-hidden=\"true\"><input type=\"hidden\" id=\"wp-block-themeisle-blocks-form-44cc6087_nonce_field\" name=\"wp-block-themeisle-blocks-form-44cc6087_nonce_field\" value=\"0a3bcbe7df\" \/><input type=\"hidden\" name=\"_wp_http_referer\" value=\"\/en\/wp-json\/wp\/v2\/pages\/21926\" \/><input class=\"o-anti-bot\" type=\"checkbox\"><\/div>\n\n\n<div id=\"wp-block-themeisle-blocks-form-input-6f93d180\" class=\"wp-block-themeisle-blocks-form-input\"><label for=\"wp-block-themeisle-blocks-form-input-6f93d180-input\" class=\"otter-form-input-label\"><span class=\"otter-form-input-label__label\">Rodzaj dzia\u0142alno\u015bci (kr\u00f3tki opis)<\/span><span class=\"required\">*<\/span><\/label><input type=\"text\" id=\"wp-block-themeisle-blocks-form-input-6f93d180-input\" required class=\"otter-form-input\"\/><\/div>\n\n\n<div class=\"wp-block-themeisle-blocks-form-multiple-choice\" id=\"wp-block-themeisle-blocks-form-input-f609fcff\"><label class=\"otter-form-input-label\" >Rodzaj wsp\u00f3\u0142pracy<span class=\"required\">*<\/span><\/label><div class=\"o-form-choices\"><div class=\"o-form-multiple-choice-field\"><input type=\"checkbox\" name=\"wp-block-themeisle-blocks-form-input-f609fcff\" id=\"field-barterowa\" value=\"barterowa\" required \/><label for=\"field-barterowa\" class=\"o-form-choice-label\">barterowa<\/label><\/div><div class=\"o-form-multiple-choice-field\"><input type=\"checkbox\" name=\"wp-block-themeisle-blocks-form-input-f609fcff\" id=\"field-finansowa\" value=\"finansowa\" required \/><label for=\"field-finansowa\" class=\"o-form-choice-label\">finansowa<\/label><\/div><div class=\"o-form-multiple-choice-field\"><input type=\"checkbox\" name=\"wp-block-themeisle-blocks-form-input-f609fcff\" id=\"field-rzeczowa_\" value=\"rzeczowa_\" required \/><label for=\"field-rzeczowa_\" class=\"o-form-choice-label\">rzeczowa <\/label><\/div><div class=\"o-form-multiple-choice-field\"><input type=\"checkbox\" name=\"wp-block-themeisle-blocks-form-input-f609fcff\" id=\"field-inna\" value=\"inna\" required \/><label for=\"field-inna\" class=\"o-form-choice-label\">inna<\/label><\/div><\/div><span class=\"o-form-help\"><\/span><\/div>\n\n\n<div id=\"wp-block-themeisle-blocks-form-input-b781ac3e\" class=\"wp-block-themeisle-blocks-form-input\"><label for=\"wp-block-themeisle-blocks-form-input-b781ac3e-input\" class=\"otter-form-input-label\"><span class=\"otter-form-input-label__label\">Link do strony internetowej\/medi\u00f3w spo\u0142eczno\u015bciowych<\/span><\/label><input type=\"text\" id=\"wp-block-themeisle-blocks-form-input-b781ac3e-input\" class=\"otter-form-input\"\/><\/div>\n\n\n\n<div id=\"wp-block-themeisle-blocks-form-textarea-dc36a5b5\" class=\"wp-block-themeisle-blocks-form-textarea\"><label for=\"wp-block-themeisle-blocks-form-textarea-dc36a5b5-input\" class=\"otter-form-textarea-label\"><span class=\"otter-form-textarea-label__label\">Wiadomo\u015b\u0107<\/span><\/label><textarea id=\"wp-block-themeisle-blocks-form-textarea-dc36a5b5-input\" rows=\"10\" class=\"otter-form-textarea-input\"><\/textarea><\/div>\n\n\n\n<p style=\"font-size:13px\">Kilkaj\u0105c <em>Send<\/em> wyra\u017cam zgod\u0119 na przekazanie danych kontaktowych Fundacji Przej\u015bcie Kotliny i otrzymywanie komunikacji email w odpowiedzi na formularz.<\/p>\n<div class=\"wp-block-button left\"><button class=\"wp-block-button__link\" type=\"submit\">Send<\/button><\/div><input type=\"hidden\" name=\"trp-form-language\" value=\"en\"\/><\/form><\/div>\n\n\n\n<hr class=\"wp-block-separator has-alpha-channel-opacity\"\/>\n\n\n\n\t\t<style>\n\t\t\t#wpls-logo-showcase-slider-1 .wpls-fix-box,\n\t\t\t#wpls-logo-showcase-slider-1 .wpls-fix-box img.wp-post-image{max-height:100px; }\n\t\t<\/style>\n\n\t\t<div class=\"wpls-wrap wpls-logo-showcase-slider-wrp wpls-logo-clearfix wpls-design-1\" data-conf=\"{&quot;slides_column&quot;:&quot;8&quot;,&quot;slides_scroll&quot;:1,&quot;dots&quot;:&quot;false&quot;,&quot;arrows&quot;:&quot;false&quot;,&quot;autoplay&quot;:&quot;true&quot;,&quot;autoplay_interval&quot;:&quot;100&quot;,&quot;loop&quot;:&quot;true&quot;,&quot;rtl&quot;:&quot;false&quot;,&quot;speed&quot;:800,&quot;center_mode&quot;:&quot;false&quot;,&quot;lazyload&quot;:&quot;&quot;}\">\n\t\t\t<div class=\"wpls-logo-showcase logo_showcase wpls-logo-slider  sliderimage_hide_border wpls-dots-false\" id=\"wpls-logo-showcase-slider-1\" >\n\t\t\t\t<div class=\"wpls-logo-cnt\">\n\t<div class=\"wpls-fix-box\">\n\t\t\t\t<img decoding=\"async\" class=\"wp-post-image\"  src=\"https:\/\/ultrakotlina.pl\/wp-content\/uploads\/2018\/08\/fundacja.png\" alt=\"\" \/>\n\t\t\t<\/div>\n\t<\/div><div class=\"wpls-logo-cnt\">\n\t<div class=\"wpls-fix-box\">\n\t\t\t\t<a href=\"https:\/\/szklarskaporeba.pl\" target=\"_blank\">\n\t\t\t<img decoding=\"async\" class=\"wp-post-image\"  src=\"https:\/\/ultrakotlina.pl\/wp-content\/uploads\/2019\/12\/szklarska_2.png\" alt=\"\" \/>\n\t\t<\/a>\n\t\t\t<\/div>\n\t<\/div><div class=\"wpls-logo-cnt\">\n\t<div class=\"wpls-fix-box\">\n\t\t\t\t<a href=\"https:\/\/gopr.org\" target=\"_blank\">\n\t\t\t<img decoding=\"async\" class=\"wp-post-image\"  src=\"https:\/\/ultrakotlina.pl\/wp-content\/uploads\/2022\/07\/gopr-nowe-e1725302497195.png\" alt=\"\" \/>\n\t\t<\/a>\n\t\t\t<\/div>\n\t<\/div><div class=\"wpls-logo-cnt\">\n\t<div class=\"wpls-fix-box\">\n\t\t\t\t<a href=\"http:\/\/moksial.pl\/\" target=\"_blank\">\n\t\t\t<img decoding=\"async\" class=\"wp-post-image\"  src=\"https:\/\/ultrakotlina.pl\/wp-content\/uploads\/2019\/12\/moksial_2.png\" alt=\"\" \/>\n\t\t<\/a>\n\t\t\t<\/div>\n\t<\/div><div class=\"wpls-logo-cnt\">\n\t<div class=\"wpls-fix-box\">\n\t\t\t\t<a href=\"http:\/\/jeleniagora.pl\/\" target=\"_blank\">\n\t\t\t<img decoding=\"async\" class=\"wp-post-image\"  src=\"https:\/\/ultrakotlina.pl\/wp-content\/uploads\/2022\/07\/PATRONAT-HONOROWY-JG_m.png\" alt=\"\" \/>\n\t\t<\/a>\n\t\t\t<\/div>\n\t<\/div><div class=\"wpls-logo-cnt\">\n\t<div class=\"wpls-fix-box\">\n\t\t\t\t<a href=\"https:\/\/galeriasudecka.pl\" target=\"_blank\">\n\t\t\t<img decoding=\"async\" class=\"wp-post-image\"  src=\"https:\/\/ultrakotlina.pl\/wp-content\/uploads\/2018\/08\/logo_galeria_sudecka.png\" alt=\"\" \/>\n\t\t<\/a>\n\t\t\t<\/div>\n\t<\/div><div class=\"wpls-logo-cnt\">\n\t<div class=\"wpls-fix-box\">\n\t\t\t\t<img decoding=\"async\" class=\"wp-post-image\"  src=\"https:\/\/ultrakotlina.pl\/wp-content\/uploads\/2022\/07\/Screenshot-from-2024-10-01-21-30-16.png\" alt=\"\" \/>\n\t\t\t<\/div>\n\t<\/div><div class=\"wpls-logo-cnt\">\n\t<div class=\"wpls-fix-box\">\n\t\t\t\t<img decoding=\"async\" class=\"wp-post-image\"  src=\"https:\/\/ultrakotlina.pl\/wp-content\/uploads\/2018\/08\/norbicom.png\" alt=\"\" \/>\n\t\t\t<\/div>\n\t<\/div><div class=\"wpls-logo-cnt\">\n\t<div class=\"wpls-fix-box\">\n\t\t\t\t<a href=\"https:\/\/www.vertical.pl\/\" target=\"_blank\">\n\t\t\t<img decoding=\"async\" class=\"wp-post-image\"  src=\"https:\/\/ultrakotlina.pl\/wp-content\/uploads\/2018\/09\/vertical.png\" alt=\"\" \/>\n\t\t<\/a>\n\t\t\t<\/div>\n\t<\/div><div class=\"wpls-logo-cnt\">\n\t<div class=\"wpls-fix-box\">\n\t\t\t\t<a href=\"http:\/\/janowicewielkie.pl\/\" target=\"_blank\">\n\t\t\t<img decoding=\"async\" class=\"wp-post-image\"  src=\"https:\/\/ultrakotlina.pl\/wp-content\/uploads\/2018\/08\/janowice.png\" alt=\"\" \/>\n\t\t<\/a>\n\t\t\t<\/div>\n\t<\/div><div class=\"wpls-logo-cnt\">\n\t<div class=\"wpls-fix-box\">\n\t\t\t\t<a href=\"http:\/\/piechowice.pl\/\" target=\"_blank\">\n\t\t\t<img decoding=\"async\" class=\"wp-post-image\"  src=\"https:\/\/ultrakotlina.pl\/wp-content\/uploads\/2018\/08\/piechowice.png\" alt=\"\" \/>\n\t\t<\/a>\n\t\t\t<\/div>\n\t<\/div><div class=\"wpls-logo-cnt\">\n\t<div class=\"wpls-fix-box\">\n\t\t\t\t<a href=\"http:\/\/podgorzyn.pl\/\" target=\"_blank\">\n\t\t\t<img decoding=\"async\" class=\"wp-post-image\"  src=\"https:\/\/ultrakotlina.pl\/wp-content\/uploads\/2018\/08\/podgorzyn.png\" alt=\"\" \/>\n\t\t<\/a>\n\t\t\t<\/div>\n\t<\/div><div class=\"wpls-logo-cnt\">\n\t<div class=\"wpls-fix-box\">\n\t\t\t\t<a href=\"https:\/\/www.jezowsudecki.pl\/\" target=\"_blank\">\n\t\t\t<img decoding=\"async\" class=\"wp-post-image\"  src=\"https:\/\/ultrakotlina.pl\/wp-content\/uploads\/2022\/07\/Herb_Jezowa_m.png\" alt=\"\" \/>\n\t\t<\/a>\n\t\t\t<\/div>\n\t<\/div><div class=\"wpls-logo-cnt\">\n\t<div class=\"wpls-fix-box\">\n\t\t\t\t<a href=\"http:\/\/hotel-las.pl\/\" target=\"_blank\">\n\t\t\t<img decoding=\"async\" class=\"wp-post-image\"  src=\"https:\/\/ultrakotlina.pl\/wp-content\/uploads\/2018\/08\/las.png\" alt=\"\" \/>\n\t\t<\/a>\n\t\t\t<\/div>\n\t<\/div><div class=\"wpls-logo-cnt\">\n\t<div class=\"wpls-fix-box\">\n\t\t\t\t<a href=\"http:\/\/divemed.pl\/\" target=\"_blank\">\n\t\t\t<img decoding=\"async\" class=\"wp-post-image\"  src=\"https:\/\/ultrakotlina.pl\/wp-content\/uploads\/2018\/12\/divemed.jpg\" alt=\"\" \/>\n\t\t<\/a>\n\t\t\t<\/div>\n\t<\/div><div class=\"wpls-logo-cnt\">\n\t<div class=\"wpls-fix-box\">\n\t\t\t\t<a href=\"http:\/\/www.spindlerovabouda.cz\/\" target=\"_blank\">\n\t\t\t<img decoding=\"async\" class=\"wp-post-image\"  src=\"https:\/\/ultrakotlina.pl\/wp-content\/uploads\/2020\/10\/spindlerova_m.jpg\" alt=\"\" \/>\n\t\t<\/a>\n\t\t\t<\/div>\n\t<\/div><div class=\"wpls-logo-cnt\">\n\t<div class=\"wpls-fix-box\">\n\t\t\t\t<a href=\"http:\/\/sport.szklarskaporeba.pl\/\" target=\"_blank\">\n\t\t\t<img decoding=\"async\" class=\"wp-post-image\"  src=\"https:\/\/ultrakotlina.pl\/wp-content\/uploads\/2021\/03\/szp_sport.jpg\" alt=\"\" \/>\n\t\t<\/a>\n\t\t\t<\/div>\n\t<\/div><div class=\"wpls-logo-cnt\">\n\t<div class=\"wpls-fix-box\">\n\t\t\t\t<a href=\"http:\/\/runandtravel.pl\/\" target=\"_blank\">\n\t\t\t<img decoding=\"async\" class=\"wp-post-image\"  src=\"https:\/\/ultrakotlina.pl\/wp-content\/uploads\/2022\/07\/runandtravel.png\" alt=\"\" \/>\n\t\t<\/a>\n\t\t\t<\/div>\n\t<\/div><div class=\"wpls-logo-cnt\">\n\t<div class=\"wpls-fix-box\">\n\t\t\t\t<a href=\"https:\/\/www.poltrax.live\/\" target=\"_blank\">\n\t\t\t<img decoding=\"async\" class=\"wp-post-image\"  src=\"https:\/\/ultrakotlina.pl\/wp-content\/uploads\/2022\/08\/poltrax.png\" alt=\"\" \/>\n\t\t<\/a>\n\t\t\t<\/div>\n\t<\/div><div class=\"wpls-logo-cnt\">\n\t<div class=\"wpls-fix-box\">\n\t\t\t\t<a href=\"https:\/\/www.blackdiamondequipment.com\/en_EU\/\" target=\"_blank\">\n\t\t\t<img decoding=\"async\" class=\"wp-post-image\"  src=\"https:\/\/ultrakotlina.pl\/wp-content\/uploads\/2023\/06\/BD_LOGO_HORIZ_BLK_CMYK_100K-e1686587909350.png\" alt=\"\" \/>\n\t\t<\/a>\n\t\t\t<\/div>\n\t<\/div><div class=\"wpls-logo-cnt\">\n\t<div class=\"wpls-fix-box\">\n\t\t\t\t<a href=\"https:\/\/szklarska.wroclaw.lasy.gov.pl\/\" target=\"_blank\">\n\t\t\t<img decoding=\"async\" class=\"wp-post-image\"  src=\"https:\/\/ultrakotlina.pl\/wp-content\/uploads\/2023\/10\/N_SzP_100lat.png\" alt=\"\" \/>\n\t\t<\/a>\n\t\t\t<\/div>\n\t<\/div><div class=\"wpls-logo-cnt\">\n\t<div class=\"wpls-fix-box\">\n\t\t\t\t<a href=\"https:\/\/hutajulia.com\/\" target=\"_blank\">\n\t\t\t<img decoding=\"async\" class=\"wp-post-image\"  src=\"https:\/\/ultrakotlina.pl\/wp-content\/uploads\/2024\/03\/LOGO-JULIA-1866-cz.jpg\" alt=\"\" \/>\n\t\t<\/a>\n\t\t\t<\/div>\n\t<\/div><div class=\"wpls-logo-cnt\">\n\t<div class=\"wpls-fix-box\">\n\t\t\t\t<a href=\"https:\/\/lwowek.wroclaw.lasy.gov.pl\/\" target=\"_blank\">\n\t\t\t<img decoding=\"async\" class=\"wp-post-image\"  src=\"https:\/\/ultrakotlina.pl\/wp-content\/uploads\/2024\/05\/logo-lp-scaled.jpg\" alt=\"\" \/>\n\t\t<\/a>\n\t\t\t<\/div>\n\t<\/div><div class=\"wpls-logo-cnt\">\n\t<div class=\"wpls-fix-box\">\n\t\t\t\t<a href=\"https:\/\/www.cartpoland.pl\/\" target=\"_blank\">\n\t\t\t<img decoding=\"async\" class=\"wp-post-image\"  src=\"https:\/\/ultrakotlina.pl\/wp-content\/uploads\/2024\/08\/cartpoland-logo.png\" alt=\"\" \/>\n\t\t<\/a>\n\t\t\t<\/div>\n\t<\/div><div class=\"wpls-logo-cnt\">\n\t<div class=\"wpls-fix-box\">\n\t\t\t\t<a href=\"https:\/\/www.regatta.com\/pl\/\" target=\"_blank\">\n\t\t\t<img decoding=\"async\" class=\"wp-post-image\"  src=\"https:\/\/ultrakotlina.pl\/wp-content\/uploads\/2024\/09\/regatta.png\" alt=\"\" \/>\n\t\t<\/a>\n\t\t\t<\/div>\n\t<\/div><div class=\"wpls-logo-cnt\">\n\t<div class=\"wpls-fix-box\">\n\t\t\t\t<a href=\"https:\/\/sklepmartes.pl\/\" target=\"_blank\">\n\t\t\t<img decoding=\"async\" class=\"wp-post-image\"  src=\"https:\/\/ultrakotlina.pl\/wp-content\/uploads\/2024\/10\/Screenshot-from-2024-10-09-19-24-54.png\" alt=\"\" \/>\n\t\t<\/a>\n\t\t\t<\/div>\n\t<\/div><div class=\"wpls-logo-cnt\">\n\t<div class=\"wpls-fix-box\">\n\t\t\t\t<a href=\"https:\/\/kamienna.wroclaw.lasy.gov.pl\" target=\"_blank\">\n\t\t\t<img decoding=\"async\" class=\"wp-post-image\"  src=\"https:\/\/ultrakotlina.pl\/wp-content\/uploads\/2025\/03\/nadl_kg.png\" alt=\"\" \/>\n\t\t<\/a>\n\t\t\t<\/div>\n\t<\/div><div class=\"wpls-logo-cnt\">\n\t<div class=\"wpls-fix-box\">\n\t\t\t\t<a href=\"https:\/\/umwd.dolnyslask.pl\/\" target=\"_blank\">\n\t\t\t<img decoding=\"async\" class=\"wp-post-image\"  src=\"https:\/\/ultrakotlina.pl\/wp-content\/uploads\/2025\/04\/image_2025-04-25_124140656.png\" alt=\"\" \/>\n\t\t<\/a>\n\t\t\t<\/div>\n\t<\/div>\t\t\t<\/div>\n\t\t<\/div>\n\n\t\t\n\n\n\n<hr class=\"wp-block-separator has-alpha-channel-opacity\"\/>","protected":false},"excerpt":{"rendered":"<p>UltraKotlina to marka. Marka z zasi\u0119gami i dotarciem do kilkudziesi\u0119ciu tysi\u0119cy odbiorc\u00f3w miesi\u0119cznie, przez ca\u0142y rok. Tworzymy wyj\u0105tkowe wydarzenie sportowe na Dolnym \u015al\u0105sku w zachodniej cz\u0119\u015bci Sudet\u00f3w. Aren\u0105 naszych zmaga\u0144 s\u0105 cztery pasma g\u00f3rskie okalaj\u0105ce pi\u0119kn\u0105 Kotlin\u0119 Jeleniog\u00f3rsk\u0105. Naszymi uczestnikami s\u0105 biegacze, biegacze g\u00f3rscy, mi\u0142o\u015bnicy bieg\u00f3w ultra i ka\u017cdej aktywno\u015bci [&hellip;]<\/p>\n","protected":false},"author":2,"featured_media":0,"parent":0,"menu_order":0,"comment_status":"closed","ping_status":"closed","template":"","meta":{"_themeisle_gutenberg_block_has_review":false,"footnotes":""},"class_list":["post-21926","page","type-page","status-publish","hentry"],"_links":{"self":[{"href":"https:\/\/ultrakotlina.pl\/en\/wp-json\/wp\/v2\/pages\/21926","targetHints":{"allow":["GET"]}}],"collection":[{"href":"https:\/\/ultrakotlina.pl\/en\/wp-json\/wp\/v2\/pages"}],"about":[{"href":"https:\/\/ultrakotlina.pl\/en\/wp-json\/wp\/v2\/types\/page"}],"author":[{"embeddable":true,"href":"https:\/\/ultrakotlina.pl\/en\/wp-json\/wp\/v2\/users\/2"}],"replies":[{"embeddable":true,"href":"https:\/\/ultrakotlina.pl\/en\/wp-json\/wp\/v2\/comments?post=21926"}],"version-history":[{"count":7,"href":"https:\/\/ultrakotlina.pl\/en\/wp-json\/wp\/v2\/pages\/21926\/revisions"}],"predecessor-version":[{"id":21938,"href":"https:\/\/ultrakotlina.pl\/en\/wp-json\/wp\/v2\/pages\/21926\/revisions\/21938"}],"wp:attachment":[{"href":"https:\/\/ultrakotlina.pl\/en\/wp-json\/wp\/v2\/media?parent=21926"}],"curies":[{"name":"wp","href":"https:\/\/api.w.org\/{rel}","templated":true}]}}