{"id":8174,"date":"2021-05-07T16:50:56","date_gmt":"2021-05-07T14:50:56","guid":{"rendered":"https:\/\/ultrakotlina.pl\/?page_id=8174"},"modified":"2021-09-22T22:18:47","modified_gmt":"2021-09-22T20:18:47","slug":"mapki","status":"publish","type":"page","link":"https:\/\/ultrakotlina.pl\/en\/mapki\/","title":{"rendered":"Mapki UK 2021"},"content":{"rendered":"<p>Poni\u017cej znajdziecie mapki wszystkich naszych dystnas\u00f3w przygotowane przez G\u00f3rskie Mapy. Znajdziecie na na nich m.in. przebieg trasy, PK z kilometrami oraz limity. <\/p>\n\n\n\n<div class=\"wp-block-responsive-lightbox-gallery\"><div class=\"rl-gallery-container rl-loading\" id=\"rl-gallery-container-1\" data-gallery_id=\"8396\"> <div class=\"rl-gallery rl-basicgrid-gallery rl-hover-effect-9 rl-hover-icon-2\" id=\"rl-gallery-1\" data-gallery_no=\"1\"> <div class=\"rl-gallery-item\"><a href=\"https:\/\/ultrakotlina.pl\/wp-content\/uploads\/2021\/08\/UK50-mapka-scaled.jpg\" title=\"\" data-rl_title=\"\" class=\"rl-gallery-link\" data-rl_caption=\"\" data-rel=\"lightbox-gallery-1\"><img loading=\"lazy\" decoding=\"async\" src=\"https:\/\/ultrakotlina.pl\/wp-content\/uploads\/2021\/08\/UK50-mapka-1024x819.jpg\" width=\"750\" height=\"600\" alt=\"\" \/><\/a><\/div><div class=\"rl-gallery-item\"><a href=\"https:\/\/ultrakotlina.pl\/wp-content\/uploads\/2021\/08\/UK180-mapka-scaled.jpg\" title=\"\" data-rl_title=\"\" class=\"rl-gallery-link\" data-rl_caption=\"\" data-rel=\"lightbox-gallery-1\"><img loading=\"lazy\" decoding=\"async\" src=\"https:\/\/ultrakotlina.pl\/wp-content\/uploads\/2021\/08\/UK180-mapka-1024x819.jpg\" width=\"750\" height=\"600\" alt=\"\" \/><\/a><\/div><div class=\"rl-gallery-item\"><a href=\"https:\/\/ultrakotlina.pl\/wp-content\/uploads\/2021\/08\/UK80-mapka-scaled.jpg\" title=\"\" data-rl_title=\"\" class=\"rl-gallery-link\" data-rl_caption=\"\" data-rel=\"lightbox-gallery-1\"><img loading=\"lazy\" decoding=\"async\" src=\"https:\/\/ultrakotlina.pl\/wp-content\/uploads\/2021\/08\/UK80-mapka-1024x819.jpg\" width=\"750\" height=\"600\" alt=\"\" \/><\/a><\/div><div class=\"rl-gallery-item\"><a href=\"https:\/\/ultrakotlina.pl\/wp-content\/uploads\/2021\/08\/UK140-mapka-scaled.jpg\" title=\"\" data-rl_title=\"\" class=\"rl-gallery-link\" data-rl_caption=\"\" data-rel=\"lightbox-gallery-1\"><img loading=\"lazy\" decoding=\"async\" src=\"https:\/\/ultrakotlina.pl\/wp-content\/uploads\/2021\/08\/UK140-mapka-1024x819.jpg\" width=\"750\" height=\"600\" alt=\"\" \/><\/a><\/div><div class=\"rl-gallery-item\"><a href=\"https:\/\/ultrakotlina.pl\/wp-content\/uploads\/2021\/08\/UK30-mapka-scaled.jpg\" title=\"\" data-rl_title=\"\" class=\"rl-gallery-link\" data-rl_caption=\"\" data-rel=\"lightbox-gallery-1\"><img loading=\"lazy\" decoding=\"async\" src=\"https:\/\/ultrakotlina.pl\/wp-content\/uploads\/2021\/08\/UK30-mapka-1024x819.jpg\" width=\"750\" height=\"600\" alt=\"\" \/><\/a><\/div> <\/div> <\/div><\/div>","protected":false},"excerpt":{"rendered":"<p>Poni\u017cej znajdziecie mapki wszystkich naszych dystnas\u00f3w przygotowane przez G\u00f3rskie Mapy. Znajdziecie na na nich m.in. przebieg trasy, PK z kilometrami oraz limity.<\/p>","protected":false},"author":2,"featured_media":0,"parent":0,"menu_order":0,"comment_status":"closed","ping_status":"closed","template":"page-templates\/template-fullwidth.php","meta":{"_themeisle_gutenberg_block_has_review":false,"footnotes":""},"class_list":["post-8174","page","type-page","status-publish","hentry"],"_links":{"self":[{"href":"https:\/\/ultrakotlina.pl\/en\/wp-json\/wp\/v2\/pages\/8174","targetHints":{"allow":["GET"]}}],"collection":[{"href":"https:\/\/ultrakotlina.pl\/en\/wp-json\/wp\/v2\/pages"}],"about":[{"href":"https:\/\/ultrakotlina.pl\/en\/wp-json\/wp\/v2\/types\/page"}],"author":[{"embeddable":true,"href":"https:\/\/ultrakotlina.pl\/en\/wp-json\/wp\/v2\/users\/2"}],"replies":[{"embeddable":true,"href":"https:\/\/ultrakotlina.pl\/en\/wp-json\/wp\/v2\/comments?post=8174"}],"version-history":[{"count":10,"href":"https:\/\/ultrakotlina.pl\/en\/wp-json\/wp\/v2\/pages\/8174\/revisions"}],"predecessor-version":[{"id":8459,"href":"https:\/\/ultrakotlina.pl\/en\/wp-json\/wp\/v2\/pages\/8174\/revisions\/8459"}],"wp:attachment":[{"href":"https:\/\/ultrakotlina.pl\/en\/wp-json\/wp\/v2\/media?parent=8174"}],"curies":[{"name":"wp","href":"https:\/\/api.w.org\/{rel}","templated":true}]}}